{"id":838,"date":"2023-11-20T09:42:55","date_gmt":"2023-11-20T09:42:55","guid":{"rendered":"https:\/\/eduardo-martins.crochet.com.pt\/privacy-policy\/"},"modified":"2025-01-15T13:20:07","modified_gmt":"2025-01-15T13:20:07","slug":"privacy-policy","status":"publish","type":"page","link":"https:\/\/eduardomartins.pt\/en\/privacy-policy\/","title":{"rendered":"Privacy policy"},"content":{"rendered":"\n\n\t<section class=\"section\" id=\"section_427483328\">\n\t\t<div class=\"section-bg fill\" >\n\t\t\t<img loading=\"lazy\" decoding=\"async\" width=\"1512\" height=\"1006\" src=\"https:\/\/eduardomartins.pt\/wp-content\/uploads\/2023\/11\/two-confident-business-man-shaking-hands-during-a-2023-11-14-00-39-14-utc.jpg\" class=\"bg attachment-original size-original\" alt=\"Dois homens de neg\u00f3cios confiantes apertando as m\u00e3os durante uma reuni\u00e3o de escrit\u00f3rio, sucesso, neg\u00f3cios, sauda\u00e7\u00e3o e parceiro \u00e0 luz do sol.\" \/>\t\t\t\t\t\t<div class=\"section-bg-overlay absolute fill\"><\/div>\n\t\t\t\n\n\t\t<\/div>\n\n\t\t\n\n\t\t<div class=\"section-content relative\">\n\t\t\t\n\n<div class=\"row\"  id=\"row-618521602\">\n\n\n\t<div id=\"col-1604726827\" class=\"col medium-12 small-12 large-7\"  data-animate=\"fadeInLeft\">\n\t\t\t\t<div class=\"col-inner\"  >\n\t\t\t\n\t\t\t\n\n\t<div id=\"gap-566762611\" class=\"gap-element clearfix\" style=\"display:block; height:auto;\">\n\t\t\n<style>\n#gap-566762611 {\n  padding-top: 60px;\n}\n<\/style>\n\t<\/div>\n\t\n\n\t<div id=\"text-762978807\" class=\"text\">\n\t\t\n\n<h1><span style=\"color: #5f9adc;\"> Privacy<\/span> Policy<\/h1>\n\t\t\n<style>\n#text-762978807 {\n  font-size: 1.65rem;\n  color: rgb(255,255,255);\n}\n#text-762978807 > * {\n  color: rgb(255,255,255);\n}\n@media (min-width:550px) {\n  #text-762978807 {\n    font-size: 2.25rem;\n  }\n}\n<\/style>\n\t<\/div>\n\t\n\n\t\t<\/div>\n\t\t\t\t\n<style>\n#col-1604726827 > .col-inner {\n  padding: 0px 0px 0px 0;\n}\n<\/style>\n\t<\/div>\n\n\t\n\n\t<div id=\"col-180677702\" class=\"col medium-5 small-12 large-5\"  >\n\t\t\t\t<div class=\"col-inner\"  >\n\t\t\t\n\t\t\t\n\n\t<div id=\"gap-992079649\" class=\"gap-element clearfix\" style=\"display:block; height:auto;\">\n\t\t\n<style>\n#gap-992079649 {\n  padding-top: 0px;\n}\n@media (min-width:850px) {\n  #gap-992079649 {\n    padding-top: 30px;\n  }\n}\n<\/style>\n\t<\/div>\n\t\n\n\n\t\t<\/div>\n\t\t\t\t\t<\/div>\n\n\t\n\n<\/div>\n\n\t\t<\/div>\n\n\t\t\n<style>\n#section_427483328 {\n  padding-top: 30px;\n  padding-bottom: 30px;\n  min-height: 400px;\n}\n#section_427483328 .section-bg-overlay {\n  background-color: rgba(0, 43, 90, 0.85);\n}\n#section_427483328 .section-bg img {\n  object-position: 36% 57%;\n}\n@media (min-width:550px) {\n  #section_427483328 {\n    min-height: 450px;\n  }\n}\n@media (min-width:850px) {\n  #section_427483328 {\n    min-height: 500px;\n  }\n}\n<\/style>\n\t<\/section>\n\t\n\n\t<section class=\"section\" id=\"section_1636280384\">\n\t\t<div class=\"section-bg fill\" >\n\t\t\t\t\t\t\t\t\t\n\t\t\t\n\n\t\t<\/div>\n\n\t\t\n\n\t\t<div class=\"section-content relative\">\n\t\t\t\n\n<div class=\"row align-middle align-center\"  id=\"row-814436078\">\n\n\n\t<div id=\"col-153421900\" class=\"col medium-10 small-12 large-10\"  >\n\t\t\t\t<div class=\"col-inner\"  >\n\t\t\t\n\t\t\t\n\n<p><strong>Eduardo Martins, Unipessoal Lda.<\/strong> is committed to protecting your privacy and ensuring the security of your personal data. This Privacy Policy aims to inform our clients and users about how we collect, process, and protect personal data in the context of our business activities.<\/p>\n<ol>\n<li><strong> Collection of Personal Data<\/strong><\/li>\n<\/ol>\n<p>We collect personal data when you contact us through our website, fill out forms, request quotes, or engage in any other type of interaction. The data collected may include, but is not limited to, your name, email address, phone number, and contact details related to your property.<\/p>\n<ol start=\"2\">\n<li><strong> Purpose of Data Collection<\/strong><\/li>\n<\/ol>\n<p>The personal data collected is used to:<\/p>\n<ul>\n<li>Respond to your inquiries and provide our services.<\/li>\n<li>Manage your account, if applicable, and your contracts.<\/li>\n<li>Improve the user experience on our website.<\/li>\n<li>Send marketing communications, provided you have given your consent.<\/li>\n<\/ul>\n<ol start=\"3\">\n<li><strong> Data Protection<\/strong><\/li>\n<\/ol>\n<p><strong>Eduardo Martins, Unipessoal Lda.<\/strong> adopts best practices for the security and protection of personal data, including appropriate technical and organizational measures to prevent unauthorized access, loss, or alteration of personal data.<\/p>\n<ol start=\"4\">\n<li><strong> Sharing Data with Third Parties<\/strong><\/li>\n<\/ol>\n<p>Your privacy is important to us. We do not sell, rent, or share your personal data with third parties without your consent, except when necessary to comply with legal or contractual obligations.<\/p>\n<ol start=\"5\">\n<li><strong> Data subjects&#8217; rights<\/strong><\/li>\n<\/ol>\n<p>Under applicable legislation, you have the right to:<\/p>\n<ul>\n<li>Access your personal data.<\/li>\n<li>Rectify or correct inaccurate data.<\/li>\n<li>Request the deletion of your data, where applicable.<\/li>\n<li>Restrict or object to the processing of your data in certain circumstances.<\/li>\n<\/ul>\n<p>If you wish to exercise any of these rights or have any questions about our Privacy Policy, you can contact us via the following means: <a href=\"mailto:info@eduardomartins.pt\">info@eduardomartins.pt<\/a><\/p>\n<ol start=\"6\">\n<li> <strong> Changes<\/strong><strong>\u00e7<\/strong><strong>Changes <\/strong><strong>to the Privacy Policy<\/strong><\/li>\n<\/ol>\n<p><strong>Eduardo Martins, Unipessoal Lda.<\/strong> reserves the right to modify this Privacy Policy at any time. Any changes will be published in this document, and the update date will be indicated at the end of the policy.<\/p>\n<ol start=\"8\">\n<li><strong> Contact Information<\/strong><\/li>\n<\/ol>\n<p>If you have any questions or concerns about our Privacy Policy or the processing of your personal data, please contact us:<\/p>\n<p><strong>E-mail:<\/strong> info@eduardomartins.pt<br \/><strong>Telefone:<\/strong> +351 289 328 880<br \/><strong>Endere\u00e7o:<\/strong><br \/>Regus Business Centre <br \/>Avenida do Algarve, 4<br \/>8100-298 Loul\u00e9<\/p>\n<\/p>\n<p>Last Updated: January 2025<\/p>\n\n\n\t\t<\/div>\n\t\t\t\t\t<\/div>\n\n\t\n\n<\/div>\n\n\t\t<\/div>\n\n\t\t\n<style>\n#section_1636280384 {\n  padding-top: 60px;\n  padding-bottom: 60px;\n}\n<\/style>\n\t<\/section>\n\t\n\n","protected":false},"excerpt":{"rendered":"","protected":false},"author":1,"featured_media":0,"parent":0,"menu_order":0,"comment_status":"closed","ping_status":"open","template":"page-transparent-header-light.php","meta":{"inline_featured_image":false,"footnotes":""},"class_list":["post-838","page","type-page","status-publish","hentry"],"yoast_head":"<!-- This site is optimized with the Yoast SEO plugin v24.4 - https:\/\/yoast.com\/wordpress\/plugins\/seo\/ -->\n<title>Privacy policy - Eduardo Martins<\/title>\n<meta name=\"robots\" content=\"index, follow, max-snippet:-1, max-image-preview:large, max-video-preview:-1\" \/>\n<link rel=\"canonical\" href=\"http:\/\/mail.eduardomartins.pt\/en\/privacy-policy\/\" \/>\n<meta property=\"og:locale\" content=\"en_US\" \/>\n<meta property=\"og:type\" content=\"article\" \/>\n<meta property=\"og:title\" content=\"Privacy policy - Eduardo Martins\" \/>\n<meta property=\"og:url\" content=\"http:\/\/mail.eduardomartins.pt\/en\/privacy-policy\/\" \/>\n<meta property=\"og:site_name\" content=\"Eduardo Martins\" \/>\n<meta property=\"article:modified_time\" content=\"2025-01-15T13:20:07+00:00\" \/>\n<meta name=\"twitter:card\" content=\"summary_large_image\" \/>\n<meta name=\"twitter:label1\" content=\"Est. reading time\" \/>\n\t<meta name=\"twitter:data1\" content=\"2 minutes\" \/>\n<script type=\"application\/ld+json\" class=\"yoast-schema-graph\">{\"@context\":\"https:\/\/schema.org\",\"@graph\":[{\"@type\":\"WebPage\",\"@id\":\"http:\/\/mail.eduardomartins.pt\/en\/privacy-policy\/\",\"url\":\"http:\/\/mail.eduardomartins.pt\/en\/privacy-policy\/\",\"name\":\"Privacy policy - Eduardo Martins\",\"isPartOf\":{\"@id\":\"https:\/\/www.eduardomartins.pt\/en\/#website\"},\"datePublished\":\"2023-11-20T09:42:55+00:00\",\"dateModified\":\"2025-01-15T13:20:07+00:00\",\"breadcrumb\":{\"@id\":\"http:\/\/mail.eduardomartins.pt\/en\/privacy-policy\/#breadcrumb\"},\"inLanguage\":\"en-US\",\"potentialAction\":[{\"@type\":\"ReadAction\",\"target\":[\"http:\/\/mail.eduardomartins.pt\/en\/privacy-policy\/\"]}]},{\"@type\":\"BreadcrumbList\",\"@id\":\"http:\/\/mail.eduardomartins.pt\/en\/privacy-policy\/#breadcrumb\",\"itemListElement\":[{\"@type\":\"ListItem\",\"position\":1,\"name\":\"In\u00edcio\",\"item\":\"https:\/\/www.eduardomartins.pt\/en\/\"},{\"@type\":\"ListItem\",\"position\":2,\"name\":\"Privacy policy\"}]},{\"@type\":\"WebSite\",\"@id\":\"https:\/\/www.eduardomartins.pt\/en\/#website\",\"url\":\"https:\/\/www.eduardomartins.pt\/en\/\",\"name\":\"Eduardo Martins\",\"description\":\"Media\u00e7\u00e3o Imobili\u00e1ria\",\"publisher\":{\"@id\":\"https:\/\/www.eduardomartins.pt\/en\/#organization\"},\"potentialAction\":[{\"@type\":\"SearchAction\",\"target\":{\"@type\":\"EntryPoint\",\"urlTemplate\":\"https:\/\/www.eduardomartins.pt\/en\/?s={search_term_string}\"},\"query-input\":{\"@type\":\"PropertyValueSpecification\",\"valueRequired\":true,\"valueName\":\"search_term_string\"}}],\"inLanguage\":\"en-US\"},{\"@type\":\"Organization\",\"@id\":\"https:\/\/www.eduardomartins.pt\/en\/#organization\",\"name\":\"Eduardo Martins\",\"url\":\"https:\/\/www.eduardomartins.pt\/en\/\",\"logo\":{\"@type\":\"ImageObject\",\"inLanguage\":\"en-US\",\"@id\":\"https:\/\/www.eduardomartins.pt\/en\/#\/schema\/logo\/image\/\",\"url\":\"https:\/\/eduardo-martins.crochet.com.pt\/wp-content\/uploads\/2023\/11\/logo-horizontal-color.svg\",\"contentUrl\":\"https:\/\/eduardo-martins.crochet.com.pt\/wp-content\/uploads\/2023\/11\/logo-horizontal-color.svg\",\"width\":\"1024\",\"height\":\"1024\",\"caption\":\"Eduardo Martins\"},\"image\":{\"@id\":\"https:\/\/www.eduardomartins.pt\/en\/#\/schema\/logo\/image\/\"}}]}<\/script>\n<!-- \/ Yoast SEO plugin. -->","yoast_head_json":{"title":"Privacy policy - Eduardo Martins","robots":{"index":"index","follow":"follow","max-snippet":"max-snippet:-1","max-image-preview":"max-image-preview:large","max-video-preview":"max-video-preview:-1"},"canonical":"http:\/\/mail.eduardomartins.pt\/en\/privacy-policy\/","og_locale":"en_US","og_type":"article","og_title":"Privacy policy - Eduardo Martins","og_url":"http:\/\/mail.eduardomartins.pt\/en\/privacy-policy\/","og_site_name":"Eduardo Martins","article_modified_time":"2025-01-15T13:20:07+00:00","twitter_card":"summary_large_image","twitter_misc":{"Est. reading time":"2 minutes"},"schema":{"@context":"https:\/\/schema.org","@graph":[{"@type":"WebPage","@id":"http:\/\/mail.eduardomartins.pt\/en\/privacy-policy\/","url":"http:\/\/mail.eduardomartins.pt\/en\/privacy-policy\/","name":"Privacy policy - Eduardo Martins","isPartOf":{"@id":"https:\/\/www.eduardomartins.pt\/en\/#website"},"datePublished":"2023-11-20T09:42:55+00:00","dateModified":"2025-01-15T13:20:07+00:00","breadcrumb":{"@id":"http:\/\/mail.eduardomartins.pt\/en\/privacy-policy\/#breadcrumb"},"inLanguage":"en-US","potentialAction":[{"@type":"ReadAction","target":["http:\/\/mail.eduardomartins.pt\/en\/privacy-policy\/"]}]},{"@type":"BreadcrumbList","@id":"http:\/\/mail.eduardomartins.pt\/en\/privacy-policy\/#breadcrumb","itemListElement":[{"@type":"ListItem","position":1,"name":"In\u00edcio","item":"https:\/\/www.eduardomartins.pt\/en\/"},{"@type":"ListItem","position":2,"name":"Privacy policy"}]},{"@type":"WebSite","@id":"https:\/\/www.eduardomartins.pt\/en\/#website","url":"https:\/\/www.eduardomartins.pt\/en\/","name":"Eduardo Martins","description":"Media\u00e7\u00e3o Imobili\u00e1ria","publisher":{"@id":"https:\/\/www.eduardomartins.pt\/en\/#organization"},"potentialAction":[{"@type":"SearchAction","target":{"@type":"EntryPoint","urlTemplate":"https:\/\/www.eduardomartins.pt\/en\/?s={search_term_string}"},"query-input":{"@type":"PropertyValueSpecification","valueRequired":true,"valueName":"search_term_string"}}],"inLanguage":"en-US"},{"@type":"Organization","@id":"https:\/\/www.eduardomartins.pt\/en\/#organization","name":"Eduardo Martins","url":"https:\/\/www.eduardomartins.pt\/en\/","logo":{"@type":"ImageObject","inLanguage":"en-US","@id":"https:\/\/www.eduardomartins.pt\/en\/#\/schema\/logo\/image\/","url":"https:\/\/eduardo-martins.crochet.com.pt\/wp-content\/uploads\/2023\/11\/logo-horizontal-color.svg","contentUrl":"https:\/\/eduardo-martins.crochet.com.pt\/wp-content\/uploads\/2023\/11\/logo-horizontal-color.svg","width":"1024","height":"1024","caption":"Eduardo Martins"},"image":{"@id":"https:\/\/www.eduardomartins.pt\/en\/#\/schema\/logo\/image\/"}}]}},"_links":{"self":[{"href":"https:\/\/eduardomartins.pt\/en\/wp-json\/wp\/v2\/pages\/838","targetHints":{"allow":["GET"]}}],"collection":[{"href":"https:\/\/eduardomartins.pt\/en\/wp-json\/wp\/v2\/pages"}],"about":[{"href":"https:\/\/eduardomartins.pt\/en\/wp-json\/wp\/v2\/types\/page"}],"author":[{"embeddable":true,"href":"https:\/\/eduardomartins.pt\/en\/wp-json\/wp\/v2\/users\/1"}],"replies":[{"embeddable":true,"href":"https:\/\/eduardomartins.pt\/en\/wp-json\/wp\/v2\/comments?post=838"}],"version-history":[{"count":5,"href":"https:\/\/eduardomartins.pt\/en\/wp-json\/wp\/v2\/pages\/838\/revisions"}],"predecessor-version":[{"id":967,"href":"https:\/\/eduardomartins.pt\/en\/wp-json\/wp\/v2\/pages\/838\/revisions\/967"}],"wp:attachment":[{"href":"https:\/\/eduardomartins.pt\/en\/wp-json\/wp\/v2\/media?parent=838"}],"curies":[{"name":"wp","href":"https:\/\/api.w.org\/{rel}","templated":true}]}}